{"id":1762,"date":"2023-10-24T12:28:04","date_gmt":"2023-10-24T15:28:04","guid":{"rendered":"https:\/\/aquilesgonzalez.cl\/online-1\/?post_type=product&#038;p=1762"},"modified":"2024-01-11T11:42:22","modified_gmt":"2024-01-11T14:42:22","slug":"caja-embalaje-rectangular-290x96x145","status":"publish","type":"product","link":"https:\/\/comyu.cl\/online\/producto\/caja-embalaje-rectangular-290x96x145\/","title":{"rendered":"Caja embalaje rectangular 290x96x145"},"content":{"rendered":"","protected":false},"excerpt":{"rendered":"<p>F\u00e1cil y r\u00e1pido montaje, cierre mediante cinta adhesiva.<img fetchpriority=\"high\" decoding=\"async\" class=\"wp-image-9342 size-full alignright\" src=\"https:\/\/comyu.cl\/online\/wp-content\/uploads\/2020\/03\/caja-rectangular.jpg\" alt=\"Medida caja cart\u00f3n\" width=\"418\" height=\"384\" \/><br \/>\nTapa fondo caja convencional traslapada troquelada<br \/>\nExcelente tama\u00f1o para todo tipo de embalaje<br \/>\nCart\u00f3n 100 % reciclable respetuosa con el Medio Ambiente.<\/p>\n<p><strong>UTILIDADES Y USOS:<\/strong><\/p>\n<ul>\n<li>Embalaje y env\u00edo de materiales ligeros.<\/li>\n<li>Protecci\u00f3n media ideal para el env\u00edo de productos o embalajes varios.<\/li>\n<li>Indicada para transporte o almacenaje, apta para congelaci\u00f3n.<\/li>\n<li>Es aconsejable rellenar todo el volumen de la caja para una mayor resistencia al aplastamiento y un \u00f3ptimo apilamiento.<\/li>\n<\/ul>\n<table style=\"border-collapse: collapse; width: 100%;\" border=\"1\">\n<tbody>\n<tr>\n<td style=\"width: 12.5934%;\">Caja est\u00e1ndar embalaje rectangular<\/td>\n<td style=\"width: 10.426%;\"><strong>Largo<\/strong><\/td>\n<td style=\"width: 11.6219%;\"><strong>ancho<\/strong><\/td>\n<td style=\"width: 5.64271%;\"><strong>alto<\/strong><\/td>\n<\/tr>\n<tr>\n<td style=\"width: 12.5934%;\"><\/td>\n<td style=\"width: 10.426%;\">290mm<\/td>\n<td style=\"width: 11.6219%;\">96mm<\/td>\n<td style=\"width: 5.64271%;\">145mm<\/td>\n<\/tr>\n<\/tbody>\n<\/table>\n<p>&nbsp;<\/p>\n","protected":false},"featured_media":1873,"template":"","meta":{"site-sidebar-layout":"default","site-content-layout":"default","ast-site-content-layout":"","site-content-style":"default","site-sidebar-style":"default","ast-global-header-display":"","ast-banner-title-visibility":"","ast-main-header-display":"","ast-hfb-above-header-display":"","ast-hfb-below-header-display":"","ast-hfb-mobile-header-display":"","site-post-title":"","ast-breadcrumbs-content":"","ast-featured-img":"","footer-sml-layout":"","theme-transparent-header-meta":"default","adv-header-id-meta":"","stick-header-meta":"default","header-above-stick-meta":"","header-main-stick-meta":"","header-below-stick-meta":"","astra-migrate-meta-layouts":""},"product_cat":[131],"product_tag":[132,133,134,156,150],"class_list":{"0":"post-1762","1":"product","2":"type-product","3":"status-publish","4":"has-post-thumbnail","6":"product_cat-cajas-para-embalajes","7":"product_tag-almacenaje","8":"product_tag-caja-estandar","9":"product_tag-caja-mercaderia","10":"product_tag-delivery","11":"product_tag-embalajes","12":"desktop-align-left","13":"tablet-align-left","14":"mobile-align-left","16":"first","17":"instock","18":"shipping-taxable","19":"purchasable","20":"product-type-simple"},"yoast_head":"<!-- This site is optimized with the Yoast SEO plugin v21.7 - https:\/\/yoast.com\/wordpress\/plugins\/seo\/ -->\n<title>Caja embalaje rectangular 290x96x145 - Catalogo<\/title>\n<meta name=\"robots\" content=\"index, follow, max-snippet:-1, max-image-preview:large, max-video-preview:-1\" \/>\n<link rel=\"canonical\" href=\"https:\/\/comyu.cl\/online\/producto\/caja-embalaje-rectangular-290x96x145\/\" \/>\n<meta property=\"og:locale\" content=\"es_ES\" \/>\n<meta property=\"og:type\" content=\"article\" \/>\n<meta property=\"og:title\" content=\"Caja embalaje rectangular 290x96x145 - Catalogo\" \/>\n<meta property=\"og:description\" content=\"F\u00e1cil y r\u00e1pido montaje, cierre mediante cinta adhesiva. Tapa fondo caja convencional traslapada troquelada Excelente tama\u00f1o para todo tipo de embalaje Cart\u00f3n 100 % reciclable respetuosa con el Medio Ambiente.  UTILIDADES Y USOS:   Embalaje y env\u00edo de materiales ligeros.  Protecci\u00f3n media ideal para el env\u00edo de productos o embalajes varios.  Indicada para transporte o almacenaje, apta para congelaci\u00f3n.  Es aconsejable rellenar todo el volumen de la caja para una mayor resistencia al aplastamiento y un \u00f3ptimo apilamiento.     Caja est\u00e1ndar embalaje rectangular Largo ancho alto    290mm 96mm 145mm    &nbsp;\" \/>\n<meta property=\"og:url\" content=\"https:\/\/comyu.cl\/online\/producto\/caja-embalaje-rectangular-290x96x145\/\" \/>\n<meta property=\"og:site_name\" content=\"Catalogo\" \/>\n<meta property=\"article:publisher\" content=\"https:\/\/web.facebook.com\/comyu.chile\" \/>\n<meta property=\"article:modified_time\" content=\"2024-01-11T14:42:22+00:00\" \/>\n<meta property=\"og:image\" content=\"https:\/\/comyu.cl\/online\/wp-content\/uploads\/2023\/10\/290x96x145-2.jpg\" \/>\n\t<meta property=\"og:image:width\" content=\"1000\" \/>\n\t<meta property=\"og:image:height\" content=\"1000\" \/>\n\t<meta property=\"og:image:type\" content=\"image\/jpeg\" \/>\n<meta name=\"twitter:card\" content=\"summary_large_image\" \/>\n<meta name=\"twitter:site\" content=\"@ComyuChile\" \/>\n<meta name=\"twitter:label1\" content=\"Precio\" \/>\n\t<meta name=\"twitter:data1\" content=\"&#36;270\" \/>\n\t<meta name=\"twitter:label2\" content=\"Disponibilidad\" \/>\n\t<meta name=\"twitter:data2\" content=\"Disponible\" \/>\n<script type=\"application\/ld+json\" class=\"yoast-schema-graph\">{\"@context\":\"https:\/\/schema.org\",\"@graph\":[{\"@type\":\"WebPage\",\"@id\":\"https:\/\/comyu.cl\/online\/producto\/caja-embalaje-rectangular-290x96x145\/\",\"url\":\"https:\/\/comyu.cl\/online\/producto\/caja-embalaje-rectangular-290x96x145\/\",\"name\":\"Caja embalaje rectangular 290x96x145 - Catalogo\",\"isPartOf\":{\"@id\":\"https:\/\/comyu.cl\/online\/#website\"},\"datePublished\":\"2023-10-24T15:28:04+00:00\",\"dateModified\":\"2024-01-11T14:42:22+00:00\",\"breadcrumb\":{\"@id\":\"https:\/\/comyu.cl\/online\/producto\/caja-embalaje-rectangular-290x96x145\/#breadcrumb\"},\"inLanguage\":\"es\",\"potentialAction\":[{\"@type\":\"ReadAction\",\"target\":[\"https:\/\/comyu.cl\/online\/producto\/caja-embalaje-rectangular-290x96x145\/\"]}]},{\"@type\":\"BreadcrumbList\",\"@id\":\"https:\/\/comyu.cl\/online\/producto\/caja-embalaje-rectangular-290x96x145\/#breadcrumb\",\"itemListElement\":[{\"@type\":\"ListItem\",\"position\":1,\"name\":\"Portada\",\"item\":\"https:\/\/comyu.cl\/online\/\"},{\"@type\":\"ListItem\",\"position\":2,\"name\":\"Productos\"},{\"@type\":\"ListItem\",\"position\":3,\"name\":\"Caja embalaje rectangular 290x96x145\"}]},{\"@type\":\"WebSite\",\"@id\":\"https:\/\/comyu.cl\/online\/#website\",\"url\":\"https:\/\/comyu.cl\/online\/\",\"name\":\"Catalogo de cajas de cart\u00f3n corrugado\",\"description\":\"\",\"publisher\":{\"@id\":\"https:\/\/comyu.cl\/online\/#organization\"},\"potentialAction\":[{\"@type\":\"SearchAction\",\"target\":{\"@type\":\"EntryPoint\",\"urlTemplate\":\"https:\/\/comyu.cl\/online\/?s={search_term_string}\"},\"query-input\":\"required name=search_term_string\"}],\"inLanguage\":\"es\"},{\"@type\":\"Organization\",\"@id\":\"https:\/\/comyu.cl\/online\/#organization\",\"name\":\"Comyu\",\"url\":\"https:\/\/comyu.cl\/online\/\",\"logo\":{\"@type\":\"ImageObject\",\"inLanguage\":\"es\",\"@id\":\"https:\/\/comyu.cl\/online\/#\/schema\/logo\/image\/\",\"url\":\"https:\/\/comyu.cl\/online\/wp-content\/uploads\/2023\/10\/cropped-cropped-logo_comyu-1.png\",\"contentUrl\":\"https:\/\/comyu.cl\/online\/wp-content\/uploads\/2023\/10\/cropped-cropped-logo_comyu-1.png\",\"width\":746,\"height\":221,\"caption\":\"Comyu\"},\"image\":{\"@id\":\"https:\/\/comyu.cl\/online\/#\/schema\/logo\/image\/\"},\"sameAs\":[\"https:\/\/web.facebook.com\/comyu.chile\",\"https:\/\/twitter.com\/ComyuChile\",\"https:\/\/www.instagram.com\/comyu.chile\/\"]}]}<\/script>\n<meta property=\"product:brand\" content=\"Cajas para Embalajes\" \/>\n<meta property=\"product:price:amount\" content=\"270\" \/>\n<meta property=\"product:price:currency\" content=\"CLP\" \/>\n<meta property=\"og:availability\" content=\"instock\" \/>\n<meta property=\"product:availability\" content=\"instock\" \/>\n<meta property=\"product:retailer_item_id\" content=\"102103889-1-1\" \/>\n<meta property=\"product:condition\" content=\"new\" \/>\n<!-- \/ Yoast SEO plugin. -->","yoast_head_json":{"title":"Caja embalaje rectangular 290x96x145 - Catalogo","robots":{"index":"index","follow":"follow","max-snippet":"max-snippet:-1","max-image-preview":"max-image-preview:large","max-video-preview":"max-video-preview:-1"},"canonical":"https:\/\/comyu.cl\/online\/producto\/caja-embalaje-rectangular-290x96x145\/","og_locale":"es_ES","og_type":"article","og_title":"Caja embalaje rectangular 290x96x145 - Catalogo","og_description":"F\u00e1cil y r\u00e1pido montaje, cierre mediante cinta adhesiva. Tapa fondo caja convencional traslapada troquelada Excelente tama\u00f1o para todo tipo de embalaje Cart\u00f3n 100 % reciclable respetuosa con el Medio Ambiente.  UTILIDADES Y USOS:   Embalaje y env\u00edo de materiales ligeros.  Protecci\u00f3n media ideal para el env\u00edo de productos o embalajes varios.  Indicada para transporte o almacenaje, apta para congelaci\u00f3n.  Es aconsejable rellenar todo el volumen de la caja para una mayor resistencia al aplastamiento y un \u00f3ptimo apilamiento.     Caja est\u00e1ndar embalaje rectangular Largo ancho alto    290mm 96mm 145mm    &nbsp;","og_url":"https:\/\/comyu.cl\/online\/producto\/caja-embalaje-rectangular-290x96x145\/","og_site_name":"Catalogo","article_publisher":"https:\/\/web.facebook.com\/comyu.chile","article_modified_time":"2024-01-11T14:42:22+00:00","og_image":[{"width":1000,"height":1000,"url":"https:\/\/comyu.cl\/online\/wp-content\/uploads\/2023\/10\/290x96x145-2.jpg","type":"image\/jpeg"}],"twitter_card":"summary_large_image","twitter_site":"@ComyuChile","twitter_misc":{"Precio":"&#36;270","Disponibilidad":"Disponible"},"schema":{"@context":"https:\/\/schema.org","@graph":[{"@type":"WebPage","@id":"https:\/\/comyu.cl\/online\/producto\/caja-embalaje-rectangular-290x96x145\/","url":"https:\/\/comyu.cl\/online\/producto\/caja-embalaje-rectangular-290x96x145\/","name":"Caja embalaje rectangular 290x96x145 - Catalogo","isPartOf":{"@id":"https:\/\/comyu.cl\/online\/#website"},"datePublished":"2023-10-24T15:28:04+00:00","dateModified":"2024-01-11T14:42:22+00:00","breadcrumb":{"@id":"https:\/\/comyu.cl\/online\/producto\/caja-embalaje-rectangular-290x96x145\/#breadcrumb"},"inLanguage":"es","potentialAction":[{"@type":"ReadAction","target":["https:\/\/comyu.cl\/online\/producto\/caja-embalaje-rectangular-290x96x145\/"]}]},{"@type":"BreadcrumbList","@id":"https:\/\/comyu.cl\/online\/producto\/caja-embalaje-rectangular-290x96x145\/#breadcrumb","itemListElement":[{"@type":"ListItem","position":1,"name":"Portada","item":"https:\/\/comyu.cl\/online\/"},{"@type":"ListItem","position":2,"name":"Productos"},{"@type":"ListItem","position":3,"name":"Caja embalaje rectangular 290x96x145"}]},{"@type":"WebSite","@id":"https:\/\/comyu.cl\/online\/#website","url":"https:\/\/comyu.cl\/online\/","name":"Catalogo de cajas de cart\u00f3n corrugado","description":"","publisher":{"@id":"https:\/\/comyu.cl\/online\/#organization"},"potentialAction":[{"@type":"SearchAction","target":{"@type":"EntryPoint","urlTemplate":"https:\/\/comyu.cl\/online\/?s={search_term_string}"},"query-input":"required name=search_term_string"}],"inLanguage":"es"},{"@type":"Organization","@id":"https:\/\/comyu.cl\/online\/#organization","name":"Comyu","url":"https:\/\/comyu.cl\/online\/","logo":{"@type":"ImageObject","inLanguage":"es","@id":"https:\/\/comyu.cl\/online\/#\/schema\/logo\/image\/","url":"https:\/\/comyu.cl\/online\/wp-content\/uploads\/2023\/10\/cropped-cropped-logo_comyu-1.png","contentUrl":"https:\/\/comyu.cl\/online\/wp-content\/uploads\/2023\/10\/cropped-cropped-logo_comyu-1.png","width":746,"height":221,"caption":"Comyu"},"image":{"@id":"https:\/\/comyu.cl\/online\/#\/schema\/logo\/image\/"},"sameAs":["https:\/\/web.facebook.com\/comyu.chile","https:\/\/twitter.com\/ComyuChile","https:\/\/www.instagram.com\/comyu.chile\/"]}]},"product_brand":"Cajas para Embalajes","product_price_amount":"270","product_price_currency":"CLP","og_availability":"instock","product_availability":"instock","product_retailer_item_id":"102103889-1-1","product_condition":"new"},"_links":{"self":[{"href":"https:\/\/comyu.cl\/online\/wp-json\/wp\/v2\/product\/1762","targetHints":{"allow":["GET"]}}],"collection":[{"href":"https:\/\/comyu.cl\/online\/wp-json\/wp\/v2\/product"}],"about":[{"href":"https:\/\/comyu.cl\/online\/wp-json\/wp\/v2\/types\/product"}],"version-history":[{"count":1,"href":"https:\/\/comyu.cl\/online\/wp-json\/wp\/v2\/product\/1762\/revisions"}],"predecessor-version":[{"id":2912,"href":"https:\/\/comyu.cl\/online\/wp-json\/wp\/v2\/product\/1762\/revisions\/2912"}],"wp:featuredmedia":[{"embeddable":true,"href":"https:\/\/comyu.cl\/online\/wp-json\/wp\/v2\/media\/1873"}],"wp:attachment":[{"href":"https:\/\/comyu.cl\/online\/wp-json\/wp\/v2\/media?parent=1762"}],"wp:term":[{"taxonomy":"product_cat","embeddable":true,"href":"https:\/\/comyu.cl\/online\/wp-json\/wp\/v2\/product_cat?post=1762"},{"taxonomy":"product_tag","embeddable":true,"href":"https:\/\/comyu.cl\/online\/wp-json\/wp\/v2\/product_tag?post=1762"}],"curies":[{"name":"wp","href":"https:\/\/api.w.org\/{rel}","templated":true}]}}