{"id":1804,"date":"2023-10-24T12:28:44","date_gmt":"2023-10-24T15:28:44","guid":{"rendered":"https:\/\/aquilesgonzalez.cl\/online-1\/?post_type=product&#038;p=1804"},"modified":"2023-10-25T11:02:14","modified_gmt":"2023-10-25T14:02:14","slug":"caja-400x200x130","status":"publish","type":"product","link":"https:\/\/comyu.cl\/online\/producto\/caja-400x200x130\/","title":{"rendered":"Caja 400x200x130"},"content":{"rendered":"","protected":false},"excerpt":{"rendered":"<p>F\u00e1cil y r\u00e1pido montaje, cierre mediante cinta adhesiva.<img fetchpriority=\"high\" decoding=\"async\" class=\"size-medium wp-image-6656 alignright\" src=\"https:\/\/comyu.cl\/online\/wp-content\/uploads\/2022\/02\/emabalaje1-300x250.jpg\" alt=\"\" width=\"300\" height=\"250\" \/><br \/>\nTapa fondo caja convencional traslapada troquelada<br \/>\nCart\u00f3n 100 % reciclable respetuosa con el Medio Ambiente.<\/p>\n<p><strong>UTILIDADES Y USOS:<\/strong><\/p>\n<ul>\n<li>Embalaje y env\u00edo de materiales ligeros.<\/li>\n<li>Protecci\u00f3n media ideal para el env\u00edo de productos o embalajes varios.<\/li>\n<li>Indicada para transporte o almacenaje, apta para congelaci\u00f3n.<\/li>\n<li>Es aconsejable rellenar todo el volumen de la caja para una mayor resistencia al aplastamiento y un \u00f3ptimo apilamiento.<\/li>\n<\/ul>\n<table style=\"border-collapse: collapse; width: 100%;\" border=\"1\">\n<tbody>\n<tr>\n<td style=\"width: 12.4439%;\">Caja embalaje 12CS<\/td>\n<td style=\"width: 10.5755%;\"><strong>Largo<\/strong><\/td>\n<td style=\"width: 11.6219%;\"><strong>ancho<\/strong><\/td>\n<td style=\"width: 5.64271%;\"><strong>alto<\/strong><\/td>\n<\/tr>\n<tr>\n<td style=\"width: 12.4439%;\"><\/td>\n<td style=\"width: 10.5755%;\">400 mm<\/td>\n<td style=\"width: 11.6219%;\">300 mm<\/td>\n<td style=\"width: 5.64271%;\">130 mm<\/td>\n<\/tr>\n<\/tbody>\n<\/table>\n<p>&nbsp;<\/p>\n","protected":false},"featured_media":1900,"template":"","meta":{"site-sidebar-layout":"default","site-content-layout":"default","ast-site-content-layout":"","site-content-style":"default","site-sidebar-style":"default","ast-global-header-display":"","ast-banner-title-visibility":"","ast-main-header-display":"","ast-hfb-above-header-display":"","ast-hfb-below-header-display":"","ast-hfb-mobile-header-display":"","site-post-title":"","ast-breadcrumbs-content":"","ast-featured-img":"","footer-sml-layout":"","theme-transparent-header-meta":"default","adv-header-id-meta":"","stick-header-meta":"default","header-above-stick-meta":"","header-main-stick-meta":"","header-below-stick-meta":"","astra-migrate-meta-layouts":""},"product_cat":[131],"product_tag":[133,134,150,137],"class_list":{"0":"post-1804","1":"product","2":"type-product","3":"status-publish","4":"has-post-thumbnail","6":"product_cat-cajas-para-embalajes","7":"product_tag-caja-estandar","8":"product_tag-caja-mercaderia","9":"product_tag-embalajes","10":"product_tag-mudanzas","11":"desktop-align-left","12":"tablet-align-left","13":"mobile-align-left","15":"first","16":"instock","17":"featured","18":"shipping-taxable","19":"purchasable","20":"product-type-simple"},"yoast_head":"<!-- This site is optimized with the Yoast SEO plugin v21.7 - https:\/\/yoast.com\/wordpress\/plugins\/seo\/ -->\n<title>Caja 400x200x130 - Catalogo<\/title>\n<meta name=\"robots\" content=\"index, follow, max-snippet:-1, max-image-preview:large, max-video-preview:-1\" \/>\n<link rel=\"canonical\" href=\"https:\/\/comyu.cl\/online\/producto\/caja-400x200x130\/\" \/>\n<meta property=\"og:locale\" content=\"es_ES\" \/>\n<meta property=\"og:type\" content=\"article\" \/>\n<meta property=\"og:title\" content=\"Caja 400x200x130 - Catalogo\" \/>\n<meta property=\"og:description\" content=\"F\u00e1cil y r\u00e1pido montaje, cierre mediante cinta adhesiva. Tapa fondo caja convencional traslapada troquelada Cart\u00f3n 100 % reciclable respetuosa con el Medio Ambiente.  UTILIDADES Y USOS:   Embalaje y env\u00edo de materiales ligeros.  Protecci\u00f3n media ideal para el env\u00edo de productos o embalajes varios.  Indicada para transporte o almacenaje, apta para congelaci\u00f3n.  Es aconsejable rellenar todo el volumen de la caja para una mayor resistencia al aplastamiento y un \u00f3ptimo apilamiento.     Caja embalaje 12CS Largo ancho alto    400 mm 300 mm 130 mm    &nbsp;\" \/>\n<meta property=\"og:url\" content=\"https:\/\/comyu.cl\/online\/producto\/caja-400x200x130\/\" \/>\n<meta property=\"og:site_name\" content=\"Catalogo\" \/>\n<meta property=\"article:publisher\" content=\"https:\/\/web.facebook.com\/comyu.chile\" \/>\n<meta property=\"article:modified_time\" content=\"2023-10-25T14:02:14+00:00\" \/>\n<meta property=\"og:image\" content=\"https:\/\/comyu.cl\/online\/wp-content\/uploads\/2023\/10\/400x200x130.jpg\" \/>\n\t<meta property=\"og:image:width\" content=\"1000\" \/>\n\t<meta property=\"og:image:height\" content=\"1000\" \/>\n\t<meta property=\"og:image:type\" content=\"image\/jpeg\" \/>\n<meta name=\"twitter:card\" content=\"summary_large_image\" \/>\n<meta name=\"twitter:site\" content=\"@ComyuChile\" \/>\n<meta name=\"twitter:label1\" content=\"Precio\" \/>\n\t<meta name=\"twitter:data1\" content=\"&#36;290\" \/>\n\t<meta name=\"twitter:label2\" content=\"Disponibilidad\" \/>\n\t<meta name=\"twitter:data2\" content=\"Disponible\" \/>\n<script type=\"application\/ld+json\" class=\"yoast-schema-graph\">{\"@context\":\"https:\/\/schema.org\",\"@graph\":[{\"@type\":\"WebPage\",\"@id\":\"https:\/\/comyu.cl\/online\/producto\/caja-400x200x130\/\",\"url\":\"https:\/\/comyu.cl\/online\/producto\/caja-400x200x130\/\",\"name\":\"Caja 400x200x130 - Catalogo\",\"isPartOf\":{\"@id\":\"https:\/\/comyu.cl\/online\/#website\"},\"datePublished\":\"2023-10-24T15:28:44+00:00\",\"dateModified\":\"2023-10-25T14:02:14+00:00\",\"breadcrumb\":{\"@id\":\"https:\/\/comyu.cl\/online\/producto\/caja-400x200x130\/#breadcrumb\"},\"inLanguage\":\"es\",\"potentialAction\":[{\"@type\":\"ReadAction\",\"target\":[\"https:\/\/comyu.cl\/online\/producto\/caja-400x200x130\/\"]}]},{\"@type\":\"BreadcrumbList\",\"@id\":\"https:\/\/comyu.cl\/online\/producto\/caja-400x200x130\/#breadcrumb\",\"itemListElement\":[{\"@type\":\"ListItem\",\"position\":1,\"name\":\"Portada\",\"item\":\"https:\/\/comyu.cl\/online\/\"},{\"@type\":\"ListItem\",\"position\":2,\"name\":\"Productos\"},{\"@type\":\"ListItem\",\"position\":3,\"name\":\"Caja 400x200x130\"}]},{\"@type\":\"WebSite\",\"@id\":\"https:\/\/comyu.cl\/online\/#website\",\"url\":\"https:\/\/comyu.cl\/online\/\",\"name\":\"Catalogo de cajas de cart\u00f3n corrugado\",\"description\":\"\",\"publisher\":{\"@id\":\"https:\/\/comyu.cl\/online\/#organization\"},\"potentialAction\":[{\"@type\":\"SearchAction\",\"target\":{\"@type\":\"EntryPoint\",\"urlTemplate\":\"https:\/\/comyu.cl\/online\/?s={search_term_string}\"},\"query-input\":\"required name=search_term_string\"}],\"inLanguage\":\"es\"},{\"@type\":\"Organization\",\"@id\":\"https:\/\/comyu.cl\/online\/#organization\",\"name\":\"Comyu\",\"url\":\"https:\/\/comyu.cl\/online\/\",\"logo\":{\"@type\":\"ImageObject\",\"inLanguage\":\"es\",\"@id\":\"https:\/\/comyu.cl\/online\/#\/schema\/logo\/image\/\",\"url\":\"https:\/\/comyu.cl\/online\/wp-content\/uploads\/2023\/10\/cropped-cropped-logo_comyu-1.png\",\"contentUrl\":\"https:\/\/comyu.cl\/online\/wp-content\/uploads\/2023\/10\/cropped-cropped-logo_comyu-1.png\",\"width\":746,\"height\":221,\"caption\":\"Comyu\"},\"image\":{\"@id\":\"https:\/\/comyu.cl\/online\/#\/schema\/logo\/image\/\"},\"sameAs\":[\"https:\/\/web.facebook.com\/comyu.chile\",\"https:\/\/twitter.com\/ComyuChile\",\"https:\/\/www.instagram.com\/comyu.chile\/\"]}]}<\/script>\n<meta property=\"product:brand\" content=\"Cajas para Embalajes\" \/>\n<meta property=\"product:price:amount\" content=\"290\" \/>\n<meta property=\"product:price:currency\" content=\"CLP\" \/>\n<meta property=\"og:availability\" content=\"instock\" \/>\n<meta property=\"product:availability\" content=\"instock\" \/>\n<meta property=\"product:retailer_item_id\" content=\"1021024-2-1-1\" \/>\n<meta property=\"product:condition\" content=\"new\" \/>\n<!-- \/ Yoast SEO plugin. -->","yoast_head_json":{"title":"Caja 400x200x130 - Catalogo","robots":{"index":"index","follow":"follow","max-snippet":"max-snippet:-1","max-image-preview":"max-image-preview:large","max-video-preview":"max-video-preview:-1"},"canonical":"https:\/\/comyu.cl\/online\/producto\/caja-400x200x130\/","og_locale":"es_ES","og_type":"article","og_title":"Caja 400x200x130 - Catalogo","og_description":"F\u00e1cil y r\u00e1pido montaje, cierre mediante cinta adhesiva. Tapa fondo caja convencional traslapada troquelada Cart\u00f3n 100 % reciclable respetuosa con el Medio Ambiente.  UTILIDADES Y USOS:   Embalaje y env\u00edo de materiales ligeros.  Protecci\u00f3n media ideal para el env\u00edo de productos o embalajes varios.  Indicada para transporte o almacenaje, apta para congelaci\u00f3n.  Es aconsejable rellenar todo el volumen de la caja para una mayor resistencia al aplastamiento y un \u00f3ptimo apilamiento.     Caja embalaje 12CS Largo ancho alto    400 mm 300 mm 130 mm    &nbsp;","og_url":"https:\/\/comyu.cl\/online\/producto\/caja-400x200x130\/","og_site_name":"Catalogo","article_publisher":"https:\/\/web.facebook.com\/comyu.chile","article_modified_time":"2023-10-25T14:02:14+00:00","og_image":[{"width":1000,"height":1000,"url":"https:\/\/comyu.cl\/online\/wp-content\/uploads\/2023\/10\/400x200x130.jpg","type":"image\/jpeg"}],"twitter_card":"summary_large_image","twitter_site":"@ComyuChile","twitter_misc":{"Precio":"&#36;290","Disponibilidad":"Disponible"},"schema":{"@context":"https:\/\/schema.org","@graph":[{"@type":"WebPage","@id":"https:\/\/comyu.cl\/online\/producto\/caja-400x200x130\/","url":"https:\/\/comyu.cl\/online\/producto\/caja-400x200x130\/","name":"Caja 400x200x130 - Catalogo","isPartOf":{"@id":"https:\/\/comyu.cl\/online\/#website"},"datePublished":"2023-10-24T15:28:44+00:00","dateModified":"2023-10-25T14:02:14+00:00","breadcrumb":{"@id":"https:\/\/comyu.cl\/online\/producto\/caja-400x200x130\/#breadcrumb"},"inLanguage":"es","potentialAction":[{"@type":"ReadAction","target":["https:\/\/comyu.cl\/online\/producto\/caja-400x200x130\/"]}]},{"@type":"BreadcrumbList","@id":"https:\/\/comyu.cl\/online\/producto\/caja-400x200x130\/#breadcrumb","itemListElement":[{"@type":"ListItem","position":1,"name":"Portada","item":"https:\/\/comyu.cl\/online\/"},{"@type":"ListItem","position":2,"name":"Productos"},{"@type":"ListItem","position":3,"name":"Caja 400x200x130"}]},{"@type":"WebSite","@id":"https:\/\/comyu.cl\/online\/#website","url":"https:\/\/comyu.cl\/online\/","name":"Catalogo de cajas de cart\u00f3n corrugado","description":"","publisher":{"@id":"https:\/\/comyu.cl\/online\/#organization"},"potentialAction":[{"@type":"SearchAction","target":{"@type":"EntryPoint","urlTemplate":"https:\/\/comyu.cl\/online\/?s={search_term_string}"},"query-input":"required name=search_term_string"}],"inLanguage":"es"},{"@type":"Organization","@id":"https:\/\/comyu.cl\/online\/#organization","name":"Comyu","url":"https:\/\/comyu.cl\/online\/","logo":{"@type":"ImageObject","inLanguage":"es","@id":"https:\/\/comyu.cl\/online\/#\/schema\/logo\/image\/","url":"https:\/\/comyu.cl\/online\/wp-content\/uploads\/2023\/10\/cropped-cropped-logo_comyu-1.png","contentUrl":"https:\/\/comyu.cl\/online\/wp-content\/uploads\/2023\/10\/cropped-cropped-logo_comyu-1.png","width":746,"height":221,"caption":"Comyu"},"image":{"@id":"https:\/\/comyu.cl\/online\/#\/schema\/logo\/image\/"},"sameAs":["https:\/\/web.facebook.com\/comyu.chile","https:\/\/twitter.com\/ComyuChile","https:\/\/www.instagram.com\/comyu.chile\/"]}]},"product_brand":"Cajas para Embalajes","product_price_amount":"290","product_price_currency":"CLP","og_availability":"instock","product_availability":"instock","product_retailer_item_id":"1021024-2-1-1","product_condition":"new"},"_links":{"self":[{"href":"https:\/\/comyu.cl\/online\/wp-json\/wp\/v2\/product\/1804","targetHints":{"allow":["GET"]}}],"collection":[{"href":"https:\/\/comyu.cl\/online\/wp-json\/wp\/v2\/product"}],"about":[{"href":"https:\/\/comyu.cl\/online\/wp-json\/wp\/v2\/types\/product"}],"version-history":[{"count":0,"href":"https:\/\/comyu.cl\/online\/wp-json\/wp\/v2\/product\/1804\/revisions"}],"wp:featuredmedia":[{"embeddable":true,"href":"https:\/\/comyu.cl\/online\/wp-json\/wp\/v2\/media\/1900"}],"wp:attachment":[{"href":"https:\/\/comyu.cl\/online\/wp-json\/wp\/v2\/media?parent=1804"}],"wp:term":[{"taxonomy":"product_cat","embeddable":true,"href":"https:\/\/comyu.cl\/online\/wp-json\/wp\/v2\/product_cat?post=1804"},{"taxonomy":"product_tag","embeddable":true,"href":"https:\/\/comyu.cl\/online\/wp-json\/wp\/v2\/product_tag?post=1804"}],"curies":[{"name":"wp","href":"https:\/\/api.w.org\/{rel}","templated":true}]}}